{"id":76,"date":"2023-11-27T23:39:16","date_gmt":"2023-11-27T22:39:16","guid":{"rendered":"https:\/\/lafranchetouche.com\/?page_id=76"},"modified":"2025-02-24T17:48:58","modified_gmt":"2025-02-24T16:48:58","slug":"76-2","status":"publish","type":"page","link":"https:\/\/lafranchetouche.com\/index.php\/76-2\/","title":{"rendered":"Contact"},"content":{"rendered":"<p>[et_pb_section fb_built=\u00a0\u00bb1&Prime; _builder_version=\u00a0\u00bb4.22.2&Prime; _module_preset=\u00a0\u00bbdefault\u00a0\u00bb background_color=\u00a0\u00bb#111111&Prime; global_colors_info=\u00a0\u00bb{}\u00a0\u00bb da_is_popup=\u00a0\u00bboff\u00a0\u00bb da_exit_intent=\u00a0\u00bboff\u00a0\u00bb da_has_close=\u00a0\u00bbon\u00a0\u00bb da_alt_close=\u00a0\u00bboff\u00a0\u00bb da_dark_close=\u00a0\u00bboff\u00a0\u00bb da_not_modal=\u00a0\u00bbon\u00a0\u00bb da_is_singular=\u00a0\u00bboff\u00a0\u00bb da_with_loader=\u00a0\u00bboff\u00a0\u00bb da_has_shadow=\u00a0\u00bbon\u00a0\u00bb da_disable_devices=\u00a0\u00bboff|off|off\u00a0\u00bb][et_pb_row _builder_version=\u00a0\u00bb4.22.2&Prime; _module_preset=\u00a0\u00bbdefault\u00a0\u00bb global_colors_info=\u00a0\u00bb{}\u00a0\u00bb][et_pb_column type=\u00a0\u00bb4_4&Prime; _builder_version=\u00a0\u00bb4.22.2&Prime; _module_preset=\u00a0\u00bbdefault\u00a0\u00bb global_colors_info=\u00a0\u00bb{}\u00a0\u00bb][et_pb_text _builder_version=\u00a0\u00bb4.22.2&Prime; _module_preset=\u00a0\u00bbdefault\u00a0\u00bb text_font=\u00a0\u00bbGotham Black||||||||\u00a0\u00bb text_text_color=\u00a0\u00bb#f8e127&Prime; text_font_size=\u00a0\u00bb60px\u00a0\u00bb text_line_height=\u00a0\u00bb1em\u00a0\u00bb global_colors_info=\u00a0\u00bb{}\u00a0\u00bb]<\/p>\n<p>Pour nous contacter,<br \/>Rien de plus simple.<\/p>\n<p>[\/et_pb_text][et_pb_contact_form captcha=\u00a0\u00bboff\u00a0\u00bb email=\u00a0\u00bbHello@lafranchetouche.com\u00a0\u00bb success_message=\u00a0\u00bbVotre message a bien \u00e9t\u00e9 envoy\u00e9. Merci pour votre int\u00e9r\u00eat, nous t\u00e2cherons de vous r\u00e9pondre au plus vite.\u00a0\u00bb submit_button_text=\u00a0\u00bbEnvoyer\u00a0\u00bb _builder_version=\u00a0\u00bb4.22.2&Prime; _module_preset=\u00a0\u00bbdefault\u00a0\u00bb _unique_id=\u00a0\u00bb4788eac3-0c62-4bb4-81da-eaa295a57c32&Prime; title_font=\u00a0\u00bbGotham||||||||\u00a0\u00bb captcha_font=\u00a0\u00bbGotham||||||||\u00a0\u00bb custom_button=\u00a0\u00bbon\u00a0\u00bb button_text_color=\u00a0\u00bb#000000&Prime; button_bg_color=\u00a0\u00bb#f8e127&Prime; button_border_width=\u00a0\u00bb0px\u00a0\u00bb button_border_radius=\u00a0\u00bb100px\u00a0\u00bb button_font=\u00a0\u00bbGotham Bold||||||||\u00a0\u00bb button_use_icon=\u00a0\u00bboff\u00a0\u00bb text_orientation=\u00a0\u00bbjustified\u00a0\u00bb hover_enabled=\u00a0\u00bb0&Prime; border_radii=\u00a0\u00bbon|30px|30px|30px|30px\u00a0\u00bb global_colors_info=\u00a0\u00bb{}\u00a0\u00bb button_bg_color__hover_enabled=\u00a0\u00bbon|hover\u00a0\u00bb button_bg_color__hover=\u00a0\u00bb#6c529e\u00a0\u00bb button_bg_enable_color__hover=\u00a0\u00bbon\u00a0\u00bb button_text_color__hover_enabled=\u00a0\u00bbon|hover\u00a0\u00bb button_text_color__hover=\u00a0\u00bb#FFFFFF\u00a0\u00bb button_bg_enable_color=\u00a0\u00bbon\u00a0\u00bb sticky_enabled=\u00a0\u00bb0&Prime;][et_pb_contact_field field_id=\u00a0\u00bbName\u00a0\u00bb field_title=\u00a0\u00bbNom &#038; Pr\u00e9nom\u00a0\u00bb _builder_version=\u00a0\u00bb4.22.2&Prime; form_field_font=\u00a0\u00bbGotham||||||||\u00a0\u00bb global_colors_info=\u00a0\u00bb{}\u00a0\u00bb button_text_size__hover_enabled=\u00a0\u00bboff\u00a0\u00bb button_one_text_size__hover_enabled=\u00a0\u00bboff\u00a0\u00bb button_two_text_size__hover_enabled=\u00a0\u00bboff\u00a0\u00bb button_text_color__hover_enabled=\u00a0\u00bboff\u00a0\u00bb button_one_text_color__hover_enabled=\u00a0\u00bboff\u00a0\u00bb button_two_text_color__hover_enabled=\u00a0\u00bboff\u00a0\u00bb button_border_width__hover_enabled=\u00a0\u00bboff\u00a0\u00bb button_one_border_width__hover_enabled=\u00a0\u00bboff\u00a0\u00bb button_two_border_width__hover_enabled=\u00a0\u00bboff\u00a0\u00bb button_border_color__hover_enabled=\u00a0\u00bboff\u00a0\u00bb button_one_border_color__hover_enabled=\u00a0\u00bboff\u00a0\u00bb button_two_border_color__hover_enabled=\u00a0\u00bboff\u00a0\u00bb button_border_radius__hover_enabled=\u00a0\u00bboff\u00a0\u00bb button_one_border_radius__hover_enabled=\u00a0\u00bboff\u00a0\u00bb button_two_border_radius__hover_enabled=\u00a0\u00bboff\u00a0\u00bb button_letter_spacing__hover_enabled=\u00a0\u00bboff\u00a0\u00bb button_one_letter_spacing__hover_enabled=\u00a0\u00bboff\u00a0\u00bb button_two_letter_spacing__hover_enabled=\u00a0\u00bboff\u00a0\u00bb button_bg_color__hover_enabled=\u00a0\u00bboff\u00a0\u00bb button_one_bg_color__hover_enabled=\u00a0\u00bboff\u00a0\u00bb button_two_bg_color__hover_enabled=\u00a0\u00bboff\u00a0\u00bb][\/et_pb_contact_field][et_pb_contact_field field_id=\u00a0\u00bbphone\u00a0\u00bb field_title=\u00a0\u00bbTel\u00a0\u00bb _builder_version=\u00a0\u00bb4.22.2&Prime; _module_preset=\u00a0\u00bbdefault\u00a0\u00bb form_field_font=\u00a0\u00bbGotham||||||||\u00a0\u00bb global_colors_info=\u00a0\u00bb{}\u00a0\u00bb][\/et_pb_contact_field][et_pb_contact_field field_id=\u00a0\u00bbEmail\u00a0\u00bb field_title=\u00a0\u00bbAdresse e-mail\u00a0\u00bb field_type=\u00a0\u00bbemail\u00a0\u00bb _builder_version=\u00a0\u00bb4.22.2&Prime; form_field_font=\u00a0\u00bbGotham||||||||\u00a0\u00bb global_colors_info=\u00a0\u00bb{}\u00a0\u00bb button_text_size__hover_enabled=\u00a0\u00bboff\u00a0\u00bb button_one_text_size__hover_enabled=\u00a0\u00bboff\u00a0\u00bb button_two_text_size__hover_enabled=\u00a0\u00bboff\u00a0\u00bb button_text_color__hover_enabled=\u00a0\u00bboff\u00a0\u00bb button_one_text_color__hover_enabled=\u00a0\u00bboff\u00a0\u00bb button_two_text_color__hover_enabled=\u00a0\u00bboff\u00a0\u00bb button_border_width__hover_enabled=\u00a0\u00bboff\u00a0\u00bb button_one_border_width__hover_enabled=\u00a0\u00bboff\u00a0\u00bb button_two_border_width__hover_enabled=\u00a0\u00bboff\u00a0\u00bb button_border_color__hover_enabled=\u00a0\u00bboff\u00a0\u00bb button_one_border_color__hover_enabled=\u00a0\u00bboff\u00a0\u00bb button_two_border_color__hover_enabled=\u00a0\u00bboff\u00a0\u00bb button_border_radius__hover_enabled=\u00a0\u00bboff\u00a0\u00bb button_one_border_radius__hover_enabled=\u00a0\u00bboff\u00a0\u00bb button_two_border_radius__hover_enabled=\u00a0\u00bboff\u00a0\u00bb button_letter_spacing__hover_enabled=\u00a0\u00bboff\u00a0\u00bb button_one_letter_spacing__hover_enabled=\u00a0\u00bboff\u00a0\u00bb button_two_letter_spacing__hover_enabled=\u00a0\u00bboff\u00a0\u00bb button_bg_color__hover_enabled=\u00a0\u00bboff\u00a0\u00bb button_one_bg_color__hover_enabled=\u00a0\u00bboff\u00a0\u00bb button_two_bg_color__hover_enabled=\u00a0\u00bboff\u00a0\u00bb][\/et_pb_contact_field][et_pb_contact_field field_id=\u00a0\u00bbCat\u00e9gorie\u00a0\u00bb field_title=\u00a0\u00bbRubrique\u00a0\u00bb field_type=\u00a0\u00bbselect\u00a0\u00bb select_options=\u00a0\u00bb%91{%22value%22:%22Inscription Rasso%22,%22checked%22:0,%22dragID%22:-1},{%22value%22:%22Inscription Rallye%22,%22checked%22:0,%22dragID%22:0},{%22value%22:%22Renseignement%22,%22checked%22:0,%22dragID%22:1},{%22value%22:%22Devenir exposant%22,%22checked%22:0,%22dragID%22:2}%93&Prime; _builder_version=\u00a0\u00bb4.22.2&Prime; _module_preset=\u00a0\u00bbdefault\u00a0\u00bb form_field_font=\u00a0\u00bbGotham||||||||\u00a0\u00bb global_colors_info=\u00a0\u00bb{}\u00a0\u00bb][\/et_pb_contact_field][et_pb_contact_field field_id=\u00a0\u00bbMessage\u00a0\u00bb field_title=\u00a0\u00bbMessage\u00a0\u00bb field_type=\u00a0\u00bbtext\u00a0\u00bb fullwidth_field=\u00a0\u00bbon\u00a0\u00bb _builder_version=\u00a0\u00bb4.22.2&Prime; form_field_font=\u00a0\u00bbGotham||||||||\u00a0\u00bb global_colors_info=\u00a0\u00bb{}\u00a0\u00bb button_text_size__hover_enabled=\u00a0\u00bboff\u00a0\u00bb button_one_text_size__hover_enabled=\u00a0\u00bboff\u00a0\u00bb button_two_text_size__hover_enabled=\u00a0\u00bboff\u00a0\u00bb button_text_color__hover_enabled=\u00a0\u00bboff\u00a0\u00bb button_one_text_color__hover_enabled=\u00a0\u00bboff\u00a0\u00bb button_two_text_color__hover_enabled=\u00a0\u00bboff\u00a0\u00bb button_border_width__hover_enabled=\u00a0\u00bboff\u00a0\u00bb button_one_border_width__hover_enabled=\u00a0\u00bboff\u00a0\u00bb button_two_border_width__hover_enabled=\u00a0\u00bboff\u00a0\u00bb button_border_color__hover_enabled=\u00a0\u00bboff\u00a0\u00bb button_one_border_color__hover_enabled=\u00a0\u00bboff\u00a0\u00bb button_two_border_color__hover_enabled=\u00a0\u00bboff\u00a0\u00bb button_border_radius__hover_enabled=\u00a0\u00bboff\u00a0\u00bb button_one_border_radius__hover_enabled=\u00a0\u00bboff\u00a0\u00bb button_two_border_radius__hover_enabled=\u00a0\u00bboff\u00a0\u00bb button_letter_spacing__hover_enabled=\u00a0\u00bboff\u00a0\u00bb button_one_letter_spacing__hover_enabled=\u00a0\u00bboff\u00a0\u00bb button_two_letter_spacing__hover_enabled=\u00a0\u00bboff\u00a0\u00bb button_bg_color__hover_enabled=\u00a0\u00bboff\u00a0\u00bb button_one_bg_color__hover_enabled=\u00a0\u00bboff\u00a0\u00bb button_two_bg_color__hover_enabled=\u00a0\u00bboff\u00a0\u00bb][\/et_pb_contact_field][\/et_pb_contact_form][et_pb_text _builder_version=\u00a0\u00bb4.22.2&Prime; _module_preset=\u00a0\u00bbdefault\u00a0\u00bb text_font=\u00a0\u00bbGranesta||||||||\u00a0\u00bb text_text_color=\u00a0\u00bb#3d3d3d\u00a0\u00bb text_font_size=\u00a0\u00bb60px\u00a0\u00bb text_line_height=\u00a0\u00bb1em\u00a0\u00bb hover_enabled=\u00a0\u00bb0&Prime; global_colors_info=\u00a0\u00bb{}\u00a0\u00bb sticky_enabled=\u00a0\u00bb0&Prime;]<\/p>\n<p style=\"text-align: right;\">#LFT<\/p>\n<p>[\/et_pb_text][\/et_pb_column][\/et_pb_row][\/et_pb_section]<\/p>\n","protected":false},"excerpt":{"rendered":"<p>Pour nous contacter,Rien de plus simple.#LFT<\/p>\n","protected":false},"author":1,"featured_media":0,"parent":0,"menu_order":0,"comment_status":"closed","ping_status":"closed","template":"","meta":{"_et_pb_use_builder":"on","_et_pb_old_content":"","_et_gb_content_width":"","footnotes":""},"class_list":["post-76","page","type-page","status-publish","hentry"],"yoast_head":"<!-- This site is optimized with the Yoast SEO plugin v25.9 - https:\/\/yoast.com\/wordpress\/plugins\/seo\/ -->\n<title>Contact - La Franche Touche<\/title>\n<meta name=\"robots\" content=\"index, follow, max-snippet:-1, max-image-preview:large, max-video-preview:-1\" \/>\n<link rel=\"canonical\" href=\"https:\/\/lafranchetouche.com\/index.php\/76-2\/\" \/>\n<meta property=\"og:locale\" content=\"fr_FR\" \/>\n<meta property=\"og:type\" content=\"article\" \/>\n<meta property=\"og:title\" content=\"Contact - La Franche Touche\" \/>\n<meta property=\"og:description\" content=\"Pour nous contacter,Rien de plus simple.#LFT\" \/>\n<meta property=\"og:url\" content=\"https:\/\/lafranchetouche.com\/index.php\/76-2\/\" \/>\n<meta property=\"og:site_name\" content=\"La Franche Touche\" \/>\n<meta property=\"article:publisher\" content=\"https:\/\/www.facebook.com\/rallyedelafranchetouche\" \/>\n<meta property=\"article:modified_time\" content=\"2025-02-24T16:48:58+00:00\" \/>\n<meta name=\"twitter:card\" content=\"summary_large_image\" \/>\n<meta name=\"twitter:label1\" content=\"Dur\u00e9e de lecture estim\u00e9e\" \/>\n\t<meta name=\"twitter:data1\" content=\"4 minutes\" \/>\n<script type=\"application\/ld+json\" class=\"yoast-schema-graph\">{\"@context\":\"https:\/\/schema.org\",\"@graph\":[{\"@type\":\"WebPage\",\"@id\":\"https:\/\/lafranchetouche.com\/index.php\/76-2\/\",\"url\":\"https:\/\/lafranchetouche.com\/index.php\/76-2\/\",\"name\":\"Contact - La Franche Touche\",\"isPartOf\":{\"@id\":\"https:\/\/lafranchetouche.com\/#website\"},\"datePublished\":\"2023-11-27T22:39:16+00:00\",\"dateModified\":\"2025-02-24T16:48:58+00:00\",\"breadcrumb\":{\"@id\":\"https:\/\/lafranchetouche.com\/index.php\/76-2\/#breadcrumb\"},\"inLanguage\":\"fr-FR\",\"potentialAction\":[{\"@type\":\"ReadAction\",\"target\":[\"https:\/\/lafranchetouche.com\/index.php\/76-2\/\"]}]},{\"@type\":\"BreadcrumbList\",\"@id\":\"https:\/\/lafranchetouche.com\/index.php\/76-2\/#breadcrumb\",\"itemListElement\":[{\"@type\":\"ListItem\",\"position\":1,\"name\":\"Accueil\",\"item\":\"https:\/\/lafranchetouche.com\/\"},{\"@type\":\"ListItem\",\"position\":2,\"name\":\"Contact\"}]},{\"@type\":\"WebSite\",\"@id\":\"https:\/\/lafranchetouche.com\/#website\",\"url\":\"https:\/\/lafranchetouche.com\/\",\"name\":\"La Franche Touche\",\"description\":\"Suivez les aventures de La Franche Touche ! Un festival rassemblant un grand nombre de v\u00e9hicules atypiques et un rallye touristique sillonnant la bourgogne.\",\"publisher\":{\"@id\":\"https:\/\/lafranchetouche.com\/#organization\"},\"potentialAction\":[{\"@type\":\"SearchAction\",\"target\":{\"@type\":\"EntryPoint\",\"urlTemplate\":\"https:\/\/lafranchetouche.com\/?s={search_term_string}\"},\"query-input\":{\"@type\":\"PropertyValueSpecification\",\"valueRequired\":true,\"valueName\":\"search_term_string\"}}],\"inLanguage\":\"fr-FR\"},{\"@type\":\"Organization\",\"@id\":\"https:\/\/lafranchetouche.com\/#organization\",\"name\":\"La Franche Touche\",\"url\":\"https:\/\/lafranchetouche.com\/\",\"logo\":{\"@type\":\"ImageObject\",\"inLanguage\":\"fr-FR\",\"@id\":\"https:\/\/lafranchetouche.com\/#\/schema\/logo\/image\/\",\"url\":\"https:\/\/lafranchetouche.com\/wp-content\/uploads\/2024\/03\/Logo_Poulet_VF_V2-01.jpg\",\"contentUrl\":\"https:\/\/lafranchetouche.com\/wp-content\/uploads\/2024\/03\/Logo_Poulet_VF_V2-01.jpg\",\"width\":709,\"height\":670,\"caption\":\"La Franche Touche\"},\"image\":{\"@id\":\"https:\/\/lafranchetouche.com\/#\/schema\/logo\/image\/\"},\"sameAs\":[\"https:\/\/www.facebook.com\/rallyedelafranchetouche\",\"https:\/\/l.facebook.com\/l.php?u=httpswww.instagram.comlafranchetoucheigshaDhzOGFrcnhydnVkfbclidIwZXh0bgNhZW0CMTAAAR1lTZHrpo2qg81yf-dujVH5ViSKVA8IRacrPWkzOS6skbycnlbM7FXoSRs_aem_ASXtdwDE16xwn8EOHGSoR1oRcA2h06ibXtvoInQkFylW_2HRXQ9nCq3LV9azKDm2DVnQSfSqTd8TgQPn5YxF7xE7&h=AT315K1hM88zwee9bFMex3TkvPLTeH6XXms1mTUpuwIu-HhoutacZHX4xZg7Uwnf2Hx4nkmgzeE6zIWVPHi_K4EkDCSmLeu-E982cdNJVz6zDuW3EVZiMWtQS_dILJJXLaPwRQ\"]}]}<\/script>\n<!-- \/ Yoast SEO plugin. -->","yoast_head_json":{"title":"Contact - La Franche Touche","robots":{"index":"index","follow":"follow","max-snippet":"max-snippet:-1","max-image-preview":"max-image-preview:large","max-video-preview":"max-video-preview:-1"},"canonical":"https:\/\/lafranchetouche.com\/index.php\/76-2\/","og_locale":"fr_FR","og_type":"article","og_title":"Contact - La Franche Touche","og_description":"Pour nous contacter,Rien de plus simple.#LFT","og_url":"https:\/\/lafranchetouche.com\/index.php\/76-2\/","og_site_name":"La Franche Touche","article_publisher":"https:\/\/www.facebook.com\/rallyedelafranchetouche","article_modified_time":"2025-02-24T16:48:58+00:00","twitter_card":"summary_large_image","twitter_misc":{"Dur\u00e9e de lecture estim\u00e9e":"4 minutes"},"schema":{"@context":"https:\/\/schema.org","@graph":[{"@type":"WebPage","@id":"https:\/\/lafranchetouche.com\/index.php\/76-2\/","url":"https:\/\/lafranchetouche.com\/index.php\/76-2\/","name":"Contact - La Franche Touche","isPartOf":{"@id":"https:\/\/lafranchetouche.com\/#website"},"datePublished":"2023-11-27T22:39:16+00:00","dateModified":"2025-02-24T16:48:58+00:00","breadcrumb":{"@id":"https:\/\/lafranchetouche.com\/index.php\/76-2\/#breadcrumb"},"inLanguage":"fr-FR","potentialAction":[{"@type":"ReadAction","target":["https:\/\/lafranchetouche.com\/index.php\/76-2\/"]}]},{"@type":"BreadcrumbList","@id":"https:\/\/lafranchetouche.com\/index.php\/76-2\/#breadcrumb","itemListElement":[{"@type":"ListItem","position":1,"name":"Accueil","item":"https:\/\/lafranchetouche.com\/"},{"@type":"ListItem","position":2,"name":"Contact"}]},{"@type":"WebSite","@id":"https:\/\/lafranchetouche.com\/#website","url":"https:\/\/lafranchetouche.com\/","name":"La Franche Touche","description":"Suivez les aventures de La Franche Touche ! Un festival rassemblant un grand nombre de v\u00e9hicules atypiques et un rallye touristique sillonnant la bourgogne.","publisher":{"@id":"https:\/\/lafranchetouche.com\/#organization"},"potentialAction":[{"@type":"SearchAction","target":{"@type":"EntryPoint","urlTemplate":"https:\/\/lafranchetouche.com\/?s={search_term_string}"},"query-input":{"@type":"PropertyValueSpecification","valueRequired":true,"valueName":"search_term_string"}}],"inLanguage":"fr-FR"},{"@type":"Organization","@id":"https:\/\/lafranchetouche.com\/#organization","name":"La Franche Touche","url":"https:\/\/lafranchetouche.com\/","logo":{"@type":"ImageObject","inLanguage":"fr-FR","@id":"https:\/\/lafranchetouche.com\/#\/schema\/logo\/image\/","url":"https:\/\/lafranchetouche.com\/wp-content\/uploads\/2024\/03\/Logo_Poulet_VF_V2-01.jpg","contentUrl":"https:\/\/lafranchetouche.com\/wp-content\/uploads\/2024\/03\/Logo_Poulet_VF_V2-01.jpg","width":709,"height":670,"caption":"La Franche Touche"},"image":{"@id":"https:\/\/lafranchetouche.com\/#\/schema\/logo\/image\/"},"sameAs":["https:\/\/www.facebook.com\/rallyedelafranchetouche","https:\/\/l.facebook.com\/l.php?u=httpswww.instagram.comlafranchetoucheigshaDhzOGFrcnhydnVkfbclidIwZXh0bgNhZW0CMTAAAR1lTZHrpo2qg81yf-dujVH5ViSKVA8IRacrPWkzOS6skbycnlbM7FXoSRs_aem_ASXtdwDE16xwn8EOHGSoR1oRcA2h06ibXtvoInQkFylW_2HRXQ9nCq3LV9azKDm2DVnQSfSqTd8TgQPn5YxF7xE7&h=AT315K1hM88zwee9bFMex3TkvPLTeH6XXms1mTUpuwIu-HhoutacZHX4xZg7Uwnf2Hx4nkmgzeE6zIWVPHi_K4EkDCSmLeu-E982cdNJVz6zDuW3EVZiMWtQS_dILJJXLaPwRQ"]}]}},"_links":{"self":[{"href":"https:\/\/lafranchetouche.com\/index.php\/wp-json\/wp\/v2\/pages\/76","targetHints":{"allow":["GET"]}}],"collection":[{"href":"https:\/\/lafranchetouche.com\/index.php\/wp-json\/wp\/v2\/pages"}],"about":[{"href":"https:\/\/lafranchetouche.com\/index.php\/wp-json\/wp\/v2\/types\/page"}],"author":[{"embeddable":true,"href":"https:\/\/lafranchetouche.com\/index.php\/wp-json\/wp\/v2\/users\/1"}],"replies":[{"embeddable":true,"href":"https:\/\/lafranchetouche.com\/index.php\/wp-json\/wp\/v2\/comments?post=76"}],"version-history":[{"count":7,"href":"https:\/\/lafranchetouche.com\/index.php\/wp-json\/wp\/v2\/pages\/76\/revisions"}],"predecessor-version":[{"id":1118,"href":"https:\/\/lafranchetouche.com\/index.php\/wp-json\/wp\/v2\/pages\/76\/revisions\/1118"}],"wp:attachment":[{"href":"https:\/\/lafranchetouche.com\/index.php\/wp-json\/wp\/v2\/media?parent=76"}],"curies":[{"name":"wp","href":"https:\/\/api.w.org\/{rel}","templated":true}]}}